{"id":5204,"date":"2023-09-12T23:23:19","date_gmt":"2023-09-12T21:23:19","guid":{"rendered":"https:\/\/doluck.fr\/?page_id=5204"},"modified":"2023-09-12T23:34:45","modified_gmt":"2023-09-12T21:34:45","slug":"cgv","status":"publish","type":"page","link":"https:\/\/doluck.fr\/en\/cgv\/","title":{"rendered":"Conditions G\u00e9n\u00e9rales de Vente (CGV)"},"content":{"rendered":"<div data-elementor-type=\"wp-page\" data-elementor-id=\"5204\" class=\"elementor elementor-5204\">\n\t\t\t\t\t\t\t\t\t<section class=\"elementor-section elementor-top-section elementor-element elementor-element-6b22f97 ot-traditional elementor-section-boxed elementor-section-height-default elementor-section-height-default\" data-id=\"6b22f97\" data-element_type=\"section\">\n\t\t\t\t\t\t<div class=\"elementor-container elementor-column-gap-default\">\n\t\t\t\t\t<div class=\"elementor-column elementor-col-100 elementor-top-column elementor-element elementor-element-e3bf4cd ot-flex-column-vertical\" data-id=\"e3bf4cd\" data-element_type=\"column\">\n\t\t\t<div class=\"elementor-widget-wrap elementor-element-populated\">\n\t\t\t\t\t\t\t\t<div class=\"elementor-element elementor-element-d8608aa elementor-widget elementor-widget-heading\" data-id=\"d8608aa\" data-element_type=\"widget\" data-widget_type=\"heading.default\">\n\t\t\t\t<div class=\"elementor-widget-container\">\n\t\t\t<style>\/*! elementor - v3.15.0 - 20-08-2023 *\/\n.elementor-heading-title{padding:0;margin:0;line-height:1}.elementor-widget-heading .elementor-heading-title[class*=elementor-size-]>a{color:inherit;font-size:inherit;line-height:inherit}.elementor-widget-heading .elementor-heading-title.elementor-size-small{font-size:15px}.elementor-widget-heading .elementor-heading-title.elementor-size-medium{font-size:19px}.elementor-widget-heading .elementor-heading-title.elementor-size-large{font-size:29px}.elementor-widget-heading .elementor-heading-title.elementor-size-xl{font-size:39px}.elementor-widget-heading .elementor-heading-title.elementor-size-xxl{font-size:59px}<\/style><h2 class=\"elementor-heading-title elementor-size-default\">Champ d'Application<\/h2>\t\t<\/div>\n\t\t\t\t<\/div>\n\t\t\t\t<div class=\"elementor-element elementor-element-dd0d0bc elementor-widget elementor-widget-text-editor\" data-id=\"dd0d0bc\" data-element_type=\"widget\" data-widget_type=\"text-editor.default\">\n\t\t\t\t<div class=\"elementor-widget-container\">\n\t\t\t<style>\/*! elementor - v3.15.0 - 20-08-2023 *\/\n.elementor-widget-text-editor.elementor-drop-cap-view-stacked .elementor-drop-cap{background-color:#69727d;color:#fff}.elementor-widget-text-editor.elementor-drop-cap-view-framed .elementor-drop-cap{color:#69727d;border:3px solid;background-color:transparent}.elementor-widget-text-editor:not(.elementor-drop-cap-view-default) .elementor-drop-cap{margin-top:8px}.elementor-widget-text-editor:not(.elementor-drop-cap-view-default) .elementor-drop-cap-letter{width:1em;height:1em}.elementor-widget-text-editor .elementor-drop-cap{float:left;text-align:center;line-height:1;font-size:50px}.elementor-widget-text-editor .elementor-drop-cap-letter{display:inline-block}<\/style>\t\t\t\t<p>Les pr\u00e9sentes Conditions G\u00e9n\u00e9rales de Vente (ci-apr\u00e8s d\u00e9nomm\u00e9es \u00ab\u00a0CGV\u00a0\u00bb) s&rsquo;appliquent \u00e0 toutes les ventes de services effectu\u00e9es par Doluck (ci-apr\u00e8s d\u00e9nomm\u00e9 \u00ab\u00a0nous\u00a0\u00bb, \u00ab\u00a0notre\u00a0\u00bb ou \u00ab\u00a0nos\u00a0\u00bb). En passant une commande, vous acceptez pleinement et sans r\u00e9serve les pr\u00e9sentes CGV.<\/p>\t\t\t\t\t\t<\/div>\n\t\t\t\t<\/div>\n\t\t\t\t<div class=\"elementor-element elementor-element-78d972f elementor-widget elementor-widget-heading\" data-id=\"78d972f\" data-element_type=\"widget\" data-widget_type=\"heading.default\">\n\t\t\t\t<div class=\"elementor-widget-container\">\n\t\t\t<h4 class=\"elementor-heading-title elementor-size-default\">Commandes et Paiement<\/h4>\t\t<\/div>\n\t\t\t\t<\/div>\n\t\t\t\t<div class=\"elementor-element elementor-element-8f5fd45 elementor-widget elementor-widget-text-editor\" data-id=\"8f5fd45\" data-element_type=\"widget\" data-widget_type=\"text-editor.default\">\n\t\t\t\t<div class=\"elementor-widget-container\">\n\t\t\t\t\t\t\t<p>2.1. Les commandes de services peuvent \u00eatre pass\u00e9es via notre site web ou par tout autre moyen de communication accept\u00e9 par Doluck.<\/p><p>2.2. Les prix des services sont indiqu\u00e9s en devise locale et sont soumis aux taxes applicables.<\/p><p>2.3. Le paiement des services doit \u00eatre effectu\u00e9 selon les modalit\u00e9s convenues entre vous et Doluck.<\/p>\t\t\t\t\t\t<\/div>\n\t\t\t\t<\/div>\n\t\t\t\t<div class=\"elementor-element elementor-element-8dfbfaf elementor-widget elementor-widget-heading\" data-id=\"8dfbfaf\" data-element_type=\"widget\" data-widget_type=\"heading.default\">\n\t\t\t\t<div class=\"elementor-widget-container\">\n\t\t\t<h4 class=\"elementor-heading-title elementor-size-default\">Livraison des Services<\/h4>\t\t<\/div>\n\t\t\t\t<\/div>\n\t\t\t\t<div class=\"elementor-element elementor-element-43dfbc8 elementor-widget elementor-widget-text-editor\" data-id=\"43dfbc8\" data-element_type=\"widget\" data-widget_type=\"text-editor.default\">\n\t\t\t\t<div class=\"elementor-widget-container\">\n\t\t\t\t\t\t\t<p>3.1. Les d\u00e9lais de livraison des services sont indiqu\u00e9s \u00e0 titre indicatif et peuvent varier en fonction de la nature du service command\u00e9.<\/p><p>3.2. Doluck s&rsquo;efforcera de fournir les services conform\u00e9ment aux sp\u00e9cifications convenues, mais ne peut garantir les r\u00e9sultats finaux.<\/p>\t\t\t\t\t\t<\/div>\n\t\t\t\t<\/div>\n\t\t\t\t<div class=\"elementor-element elementor-element-551ebf3 elementor-widget elementor-widget-heading\" data-id=\"551ebf3\" data-element_type=\"widget\" data-widget_type=\"heading.default\">\n\t\t\t\t<div class=\"elementor-widget-container\">\n\t\t\t<h4 class=\"elementor-heading-title elementor-size-default\">Propri\u00e9t\u00e9 Intellectuelle<\/h4>\t\t<\/div>\n\t\t\t\t<\/div>\n\t\t\t\t<div class=\"elementor-element elementor-element-254a626 elementor-widget elementor-widget-text-editor\" data-id=\"254a626\" data-element_type=\"widget\" data-widget_type=\"text-editor.default\">\n\t\t\t\t<div class=\"elementor-widget-container\">\n\t\t\t\t\t\t\t<p>4.1. Les droits de propri\u00e9t\u00e9 intellectuelle li\u00e9s aux services fournis par Doluck demeurent la propri\u00e9t\u00e9 exclusive de Doluck, sauf disposition contraire express\u00e9ment mentionn\u00e9e.<\/p><p>4.2. Vous n&rsquo;\u00eates pas autoris\u00e9 \u00e0 reproduire, distribuer, modifier, afficher publiquement, transmettre ou exploiter de quelque mani\u00e8re que ce soit les livrables ou les r\u00e9sultats des services sans notre consentement \u00e9crit pr\u00e9alable.<\/p>\t\t\t\t\t\t<\/div>\n\t\t\t\t<\/div>\n\t\t\t\t<div class=\"elementor-element elementor-element-d519414 elementor-widget elementor-widget-heading\" data-id=\"d519414\" data-element_type=\"widget\" data-widget_type=\"heading.default\">\n\t\t\t\t<div class=\"elementor-widget-container\">\n\t\t\t<h4 class=\"elementor-heading-title elementor-size-default\">Confidentialit\u00e9<\/h4>\t\t<\/div>\n\t\t\t\t<\/div>\n\t\t\t\t<div class=\"elementor-element elementor-element-1fc4b1d elementor-widget elementor-widget-text-editor\" data-id=\"1fc4b1d\" data-element_type=\"widget\" data-widget_type=\"text-editor.default\">\n\t\t\t\t<div class=\"elementor-widget-container\">\n\t\t\t\t\t\t\t<p>5.1. Doluck s&rsquo;engage \u00e0 traiter toutes les informations fournies par vous dans le cadre de la prestation des services de mani\u00e8re confidentielle.<\/p>\n<p>5.2. Vous acceptez de ne pas divulguer les informations confidentielles de Doluck \u00e0 des tiers sans notre consentement \u00e9crit pr\u00e9alable.<\/p>\t\t\t\t\t\t<\/div>\n\t\t\t\t<\/div>\n\t\t\t\t<div class=\"elementor-element elementor-element-746c6e9 elementor-widget elementor-widget-heading\" data-id=\"746c6e9\" data-element_type=\"widget\" data-widget_type=\"heading.default\">\n\t\t\t\t<div class=\"elementor-widget-container\">\n\t\t\t<h4 class=\"elementor-heading-title elementor-size-default\">Limitation de Responsabilit\u00e9<\/h4>\t\t<\/div>\n\t\t\t\t<\/div>\n\t\t\t\t<div class=\"elementor-element elementor-element-e927b76 elementor-widget elementor-widget-text-editor\" data-id=\"e927b76\" data-element_type=\"widget\" data-widget_type=\"text-editor.default\">\n\t\t\t\t<div class=\"elementor-widget-container\">\n\t\t\t\t\t\t\t<p>6.1. Doluck ne pourra \u00eatre tenu responsable des dommages directs, indirects, sp\u00e9ciaux, cons\u00e9cutifs ou exemplaires r\u00e9sultant de l&rsquo;utilisation des services ou de l&rsquo;impossibilit\u00e9 d&rsquo;utiliser les services.<\/p><p>6.2. Dans la mesure maximale permise par la loi, notre responsabilit\u00e9 totale envers vous pour tout dommage ou perte d\u00e9coulant de l&rsquo;utilisation des services ne d\u00e9passera pas le montant total pay\u00e9 par vous pour les services concern\u00e9s<\/p>\t\t\t\t\t\t<\/div>\n\t\t\t\t<\/div>\n\t\t\t\t<div class=\"elementor-element elementor-element-0007402 elementor-widget elementor-widget-heading\" data-id=\"0007402\" data-element_type=\"widget\" data-widget_type=\"heading.default\">\n\t\t\t\t<div class=\"elementor-widget-container\">\n\t\t\t<h4 class=\"elementor-heading-title elementor-size-default\">Modification des CGV<\/h4>\t\t<\/div>\n\t\t\t\t<\/div>\n\t\t\t\t<div class=\"elementor-element elementor-element-dc46ed9 elementor-widget elementor-widget-text-editor\" data-id=\"dc46ed9\" data-element_type=\"widget\" data-widget_type=\"text-editor.default\">\n\t\t\t\t<div class=\"elementor-widget-container\">\n\t\t\t\t\t\t\t<p>Nous nous r\u00e9servons le droit de modifier les pr\u00e9sentes CGV \u00e0 tout moment. Les modifications prendront effet d\u00e8s leur publication sur notre site web. Il est de votre responsabilit\u00e9 de consulter r\u00e9guli\u00e8rement les CGV mises \u00e0 jour.<\/p>\t\t\t\t\t\t<\/div>\n\t\t\t\t<\/div>\n\t\t\t\t<div class=\"elementor-element elementor-element-12361f2 elementor-widget elementor-widget-heading\" data-id=\"12361f2\" data-element_type=\"widget\" data-widget_type=\"heading.default\">\n\t\t\t\t<div class=\"elementor-widget-container\">\n\t\t\t<h4 class=\"elementor-heading-title elementor-size-default\">Droit Applicable et R\u00e8glement des Litiges<\/h4>\t\t<\/div>\n\t\t\t\t<\/div>\n\t\t\t\t<div class=\"elementor-element elementor-element-0d4a7df elementor-widget elementor-widget-text-editor\" data-id=\"0d4a7df\" data-element_type=\"widget\" data-widget_type=\"text-editor.default\">\n\t\t\t\t<div class=\"elementor-widget-container\">\n\t\t\t\t\t\t\t<p>Les pr\u00e9sentes CGV sont r\u00e9gies par les lois du pays o\u00f9 Doluck est enregistr\u00e9. Tout litige d\u00e9coulant des pr\u00e9sentes CGV sera soumis \u00e0 la juridiction exclusive des tribunaux comp\u00e9tents du pays o\u00f9 Doluck est enregistr\u00e9.<\/p>\t\t\t\t\t\t<\/div>\n\t\t\t\t<\/div>\n\t\t\t\t<div class=\"elementor-element elementor-element-e011b18 elementor-widget elementor-widget-heading\" data-id=\"e011b18\" data-element_type=\"widget\" data-widget_type=\"heading.default\">\n\t\t\t\t<div class=\"elementor-widget-container\">\n\t\t\t<h5 class=\"elementor-heading-title elementor-size-default\">Nous Contacter<\/h5>\t\t<\/div>\n\t\t\t\t<\/div>\n\t\t\t\t<div class=\"elementor-element elementor-element-37ebcff elementor-widget elementor-widget-text-editor\" data-id=\"37ebcff\" data-element_type=\"widget\" data-widget_type=\"text-editor.default\">\n\t\t\t\t<div class=\"elementor-widget-container\">\n\t\t\t\t\t\t\t<p><span style=\"color: var( --e-global-color-text );\">email: <\/span><a style=\"background-color: #ffffff;\" href=\"mailto:dolucksarl@gmail.com\">dolucksarl@gmail.com<\/a><\/p><p>num\u00e9ro: +237 677 459 322 \/ 699 108 910<\/p><p>Adresse: Yaound\u00e9-Cameroun<\/p>\t\t\t\t\t\t<\/div>\n\t\t\t\t<\/div>\n\t\t\t\t\t<\/div>\n\t\t<\/div>\n\t\t\t\t\t\t\t<\/div>\n\t\t<\/section>\n\t\t\t\t\t\t\t<\/div>","protected":false},"excerpt":{"rendered":"<p>Champ d&rsquo;Application Les pr\u00e9sentes Conditions G\u00e9n\u00e9rales de Vente (ci-apr\u00e8s d\u00e9nomm\u00e9es \u00ab\u00a0CGV\u00a0\u00bb) s&rsquo;appliquent \u00e0 toutes les ventes de services effectu\u00e9es par Doluck (ci-apr\u00e8s d\u00e9nomm\u00e9 \u00ab\u00a0nous\u00a0\u00bb, \u00ab\u00a0notre\u00a0\u00bb ou \u00ab\u00a0nos\u00a0\u00bb). En passant une commande, vous acceptez pleinement et sans r\u00e9serve les pr\u00e9sentes CGV. Commandes et Paiement 2.1. Les commandes de services peuvent \u00eatre pass\u00e9es via notre site web [&hellip;]<\/p>","protected":false},"author":1,"featured_media":0,"parent":0,"menu_order":0,"comment_status":"closed","ping_status":"closed","template":"","meta":{"footnotes":""},"class_list":["post-5204","page","type-page","status-publish","hentry"],"yoast_head":"<!-- This site is optimized with the Yoast SEO plugin v21.1 - https:\/\/yoast.com\/wordpress\/plugins\/seo\/ -->\n<title>Conditions G\u00e9n\u00e9rales de Vente (CGV) - Doluck Sarl<\/title>\n<meta name=\"robots\" content=\"index, follow, max-snippet:-1, max-image-preview:large, max-video-preview:-1\" \/>\n<link rel=\"canonical\" href=\"https:\/\/doluck.fr\/en\/cgv\/\" \/>\n<meta property=\"og:locale\" content=\"en_US\" \/>\n<meta property=\"og:type\" content=\"article\" \/>\n<meta property=\"og:title\" content=\"Conditions G\u00e9n\u00e9rales de Vente (CGV) - Doluck Sarl\" \/>\n<meta property=\"og:description\" content=\"Champ d&rsquo;Application Les pr\u00e9sentes Conditions G\u00e9n\u00e9rales de Vente (ci-apr\u00e8s d\u00e9nomm\u00e9es \u00ab\u00a0CGV\u00a0\u00bb) s&rsquo;appliquent \u00e0 toutes les ventes de services effectu\u00e9es par Doluck (ci-apr\u00e8s d\u00e9nomm\u00e9 \u00ab\u00a0nous\u00a0\u00bb, \u00ab\u00a0notre\u00a0\u00bb ou \u00ab\u00a0nos\u00a0\u00bb). En passant une commande, vous acceptez pleinement et sans r\u00e9serve les pr\u00e9sentes CGV. Commandes et Paiement 2.1. Les commandes de services peuvent \u00eatre pass\u00e9es via notre site web [&hellip;]\" \/>\n<meta property=\"og:url\" content=\"https:\/\/doluck.fr\/en\/cgv\/\" \/>\n<meta property=\"og:site_name\" content=\"Doluck Sarl\" \/>\n<meta property=\"article:modified_time\" content=\"2023-09-12T21:34:45+00:00\" \/>\n<meta name=\"twitter:card\" content=\"summary_large_image\" \/>\n<meta name=\"twitter:label1\" content=\"Est. reading time\" \/>\n\t<meta name=\"twitter:data1\" content=\"2 minutes\" \/>\n<script type=\"application\/ld+json\" class=\"yoast-schema-graph\">{\"@context\":\"https:\/\/schema.org\",\"@graph\":[{\"@type\":\"WebPage\",\"@id\":\"https:\/\/doluck.fr\/cgv\/\",\"url\":\"https:\/\/doluck.fr\/cgv\/\",\"name\":\"Conditions G\u00e9n\u00e9rales de Vente (CGV) - Doluck Sarl\",\"isPartOf\":{\"@id\":\"https:\/\/doluck.fr\/#website\"},\"datePublished\":\"2023-09-12T21:23:19+00:00\",\"dateModified\":\"2023-09-12T21:34:45+00:00\",\"breadcrumb\":{\"@id\":\"https:\/\/doluck.fr\/cgv\/#breadcrumb\"},\"inLanguage\":\"en-US\",\"potentialAction\":[{\"@type\":\"ReadAction\",\"target\":[\"https:\/\/doluck.fr\/cgv\/\"]}]},{\"@type\":\"BreadcrumbList\",\"@id\":\"https:\/\/doluck.fr\/cgv\/#breadcrumb\",\"itemListElement\":[{\"@type\":\"ListItem\",\"position\":1,\"name\":\"Accueil\",\"item\":\"https:\/\/doluck.fr\/\"},{\"@type\":\"ListItem\",\"position\":2,\"name\":\"Conditions G\u00e9n\u00e9rales de Vente (CGV)\"}]},{\"@type\":\"WebSite\",\"@id\":\"https:\/\/doluck.fr\/#website\",\"url\":\"https:\/\/doluck.fr\/\",\"name\":\"Doluck Sarl\",\"description\":\"Prestataire de services informatiques\",\"publisher\":{\"@id\":\"https:\/\/doluck.fr\/#organization\"},\"potentialAction\":[{\"@type\":\"SearchAction\",\"target\":{\"@type\":\"EntryPoint\",\"urlTemplate\":\"https:\/\/doluck.fr\/?s={search_term_string}\"},\"query-input\":\"required name=search_term_string\"}],\"inLanguage\":\"en-US\"},{\"@type\":\"Organization\",\"@id\":\"https:\/\/doluck.fr\/#organization\",\"name\":\"Doluck Sarl\",\"url\":\"https:\/\/doluck.fr\/\",\"logo\":{\"@type\":\"ImageObject\",\"inLanguage\":\"en-US\",\"@id\":\"https:\/\/doluck.fr\/#\/schema\/logo\/image\/\",\"url\":\"http:\/\/13.38.80.200\/wp-content\/uploads\/2020\/09\/logo-DOLUCK-OR-121.png\",\"contentUrl\":\"http:\/\/13.38.80.200\/wp-content\/uploads\/2020\/09\/logo-DOLUCK-OR-121.png\",\"width\":2117,\"height\":1600,\"caption\":\"Doluck Sarl\"},\"image\":{\"@id\":\"https:\/\/doluck.fr\/#\/schema\/logo\/image\/\"}}]}<\/script>\n<!-- \/ Yoast SEO plugin. -->","yoast_head_json":{"title":"Conditions G\u00e9n\u00e9rales de Vente (CGV) - Doluck Sarl","robots":{"index":"index","follow":"follow","max-snippet":"max-snippet:-1","max-image-preview":"max-image-preview:large","max-video-preview":"max-video-preview:-1"},"canonical":"https:\/\/doluck.fr\/en\/cgv\/","og_locale":"en_US","og_type":"article","og_title":"Conditions G\u00e9n\u00e9rales de Vente (CGV) - Doluck Sarl","og_description":"Champ d&rsquo;Application Les pr\u00e9sentes Conditions G\u00e9n\u00e9rales de Vente (ci-apr\u00e8s d\u00e9nomm\u00e9es \u00ab\u00a0CGV\u00a0\u00bb) s&rsquo;appliquent \u00e0 toutes les ventes de services effectu\u00e9es par Doluck (ci-apr\u00e8s d\u00e9nomm\u00e9 \u00ab\u00a0nous\u00a0\u00bb, \u00ab\u00a0notre\u00a0\u00bb ou \u00ab\u00a0nos\u00a0\u00bb). En passant une commande, vous acceptez pleinement et sans r\u00e9serve les pr\u00e9sentes CGV. Commandes et Paiement 2.1. Les commandes de services peuvent \u00eatre pass\u00e9es via notre site web [&hellip;]","og_url":"https:\/\/doluck.fr\/en\/cgv\/","og_site_name":"Doluck Sarl","article_modified_time":"2023-09-12T21:34:45+00:00","twitter_card":"summary_large_image","twitter_misc":{"Est. reading time":"2 minutes"},"schema":{"@context":"https:\/\/schema.org","@graph":[{"@type":"WebPage","@id":"https:\/\/doluck.fr\/cgv\/","url":"https:\/\/doluck.fr\/cgv\/","name":"Conditions G\u00e9n\u00e9rales de Vente (CGV) - Doluck Sarl","isPartOf":{"@id":"https:\/\/doluck.fr\/#website"},"datePublished":"2023-09-12T21:23:19+00:00","dateModified":"2023-09-12T21:34:45+00:00","breadcrumb":{"@id":"https:\/\/doluck.fr\/cgv\/#breadcrumb"},"inLanguage":"en-US","potentialAction":[{"@type":"ReadAction","target":["https:\/\/doluck.fr\/cgv\/"]}]},{"@type":"BreadcrumbList","@id":"https:\/\/doluck.fr\/cgv\/#breadcrumb","itemListElement":[{"@type":"ListItem","position":1,"name":"Accueil","item":"https:\/\/doluck.fr\/"},{"@type":"ListItem","position":2,"name":"Conditions G\u00e9n\u00e9rales de Vente (CGV)"}]},{"@type":"WebSite","@id":"https:\/\/doluck.fr\/#website","url":"https:\/\/doluck.fr\/","name":"Doluck Sarl","description":"Prestataire de services informatiques","publisher":{"@id":"https:\/\/doluck.fr\/#organization"},"potentialAction":[{"@type":"SearchAction","target":{"@type":"EntryPoint","urlTemplate":"https:\/\/doluck.fr\/?s={search_term_string}"},"query-input":"required name=search_term_string"}],"inLanguage":"en-US"},{"@type":"Organization","@id":"https:\/\/doluck.fr\/#organization","name":"Doluck Sarl","url":"https:\/\/doluck.fr\/","logo":{"@type":"ImageObject","inLanguage":"en-US","@id":"https:\/\/doluck.fr\/#\/schema\/logo\/image\/","url":"http:\/\/13.38.80.200\/wp-content\/uploads\/2020\/09\/logo-DOLUCK-OR-121.png","contentUrl":"http:\/\/13.38.80.200\/wp-content\/uploads\/2020\/09\/logo-DOLUCK-OR-121.png","width":2117,"height":1600,"caption":"Doluck Sarl"},"image":{"@id":"https:\/\/doluck.fr\/#\/schema\/logo\/image\/"}}]}},"_links":{"self":[{"href":"https:\/\/doluck.fr\/en\/wp-json\/wp\/v2\/pages\/5204"}],"collection":[{"href":"https:\/\/doluck.fr\/en\/wp-json\/wp\/v2\/pages"}],"about":[{"href":"https:\/\/doluck.fr\/en\/wp-json\/wp\/v2\/types\/page"}],"author":[{"embeddable":true,"href":"https:\/\/doluck.fr\/en\/wp-json\/wp\/v2\/users\/1"}],"replies":[{"embeddable":true,"href":"https:\/\/doluck.fr\/en\/wp-json\/wp\/v2\/comments?post=5204"}],"version-history":[{"count":7,"href":"https:\/\/doluck.fr\/en\/wp-json\/wp\/v2\/pages\/5204\/revisions"}],"predecessor-version":[{"id":5211,"href":"https:\/\/doluck.fr\/en\/wp-json\/wp\/v2\/pages\/5204\/revisions\/5211"}],"wp:attachment":[{"href":"https:\/\/doluck.fr\/en\/wp-json\/wp\/v2\/media?parent=5204"}],"curies":[{"name":"wp","href":"https:\/\/api.w.org\/{rel}","templated":true}]}}